{"id":3384,"date":"2026-01-20T15:00:28","date_gmt":"2026-01-20T14:00:28","guid":{"rendered":"https:\/\/km.eps-backup.com\/cookies\/"},"modified":"2026-01-21T14:44:22","modified_gmt":"2026-01-21T13:44:22","slug":"cookies","status":"publish","type":"page","link":"https:\/\/km.eps-backup.com\/en\/cookies\/","title":{"rendered":"Cookies"},"content":{"rendered":"\t\t<div data-elementor-type=\"wp-page\" data-elementor-id=\"3384\" class=\"elementor elementor-3384 elementor-3037\" data-elementor-settings=\"{&quot;element_pack_global_tooltip_width&quot;:{&quot;unit&quot;:&quot;px&quot;,&quot;size&quot;:&quot;&quot;,&quot;sizes&quot;:[]},&quot;element_pack_global_tooltip_width_laptop&quot;:{&quot;unit&quot;:&quot;px&quot;,&quot;size&quot;:&quot;&quot;,&quot;sizes&quot;:[]},&quot;element_pack_global_tooltip_width_tablet&quot;:{&quot;unit&quot;:&quot;px&quot;,&quot;size&quot;:&quot;&quot;,&quot;sizes&quot;:[]},&quot;element_pack_global_tooltip_width_mobile&quot;:{&quot;unit&quot;:&quot;px&quot;,&quot;size&quot;:&quot;&quot;,&quot;sizes&quot;:[]},&quot;element_pack_global_tooltip_padding&quot;:{&quot;unit&quot;:&quot;px&quot;,&quot;top&quot;:&quot;&quot;,&quot;right&quot;:&quot;&quot;,&quot;bottom&quot;:&quot;&quot;,&quot;left&quot;:&quot;&quot;,&quot;isLinked&quot;:true},&quot;element_pack_global_tooltip_padding_laptop&quot;:{&quot;unit&quot;:&quot;px&quot;,&quot;top&quot;:&quot;&quot;,&quot;right&quot;:&quot;&quot;,&quot;bottom&quot;:&quot;&quot;,&quot;left&quot;:&quot;&quot;,&quot;isLinked&quot;:true},&quot;element_pack_global_tooltip_padding_tablet&quot;:{&quot;unit&quot;:&quot;px&quot;,&quot;top&quot;:&quot;&quot;,&quot;right&quot;:&quot;&quot;,&quot;bottom&quot;:&quot;&quot;,&quot;left&quot;:&quot;&quot;,&quot;isLinked&quot;:true},&quot;element_pack_global_tooltip_padding_mobile&quot;:{&quot;unit&quot;:&quot;px&quot;,&quot;top&quot;:&quot;&quot;,&quot;right&quot;:&quot;&quot;,&quot;bottom&quot;:&quot;&quot;,&quot;left&quot;:&quot;&quot;,&quot;isLinked&quot;:true},&quot;element_pack_global_tooltip_border_radius&quot;:{&quot;unit&quot;:&quot;px&quot;,&quot;top&quot;:&quot;&quot;,&quot;right&quot;:&quot;&quot;,&quot;bottom&quot;:&quot;&quot;,&quot;left&quot;:&quot;&quot;,&quot;isLinked&quot;:true},&quot;element_pack_global_tooltip_border_radius_laptop&quot;:{&quot;unit&quot;:&quot;px&quot;,&quot;top&quot;:&quot;&quot;,&quot;right&quot;:&quot;&quot;,&quot;bottom&quot;:&quot;&quot;,&quot;left&quot;:&quot;&quot;,&quot;isLinked&quot;:true},&quot;element_pack_global_tooltip_border_radius_tablet&quot;:{&quot;unit&quot;:&quot;px&quot;,&quot;top&quot;:&quot;&quot;,&quot;right&quot;:&quot;&quot;,&quot;bottom&quot;:&quot;&quot;,&quot;left&quot;:&quot;&quot;,&quot;isLinked&quot;:true},&quot;element_pack_global_tooltip_border_radius_mobile&quot;:{&quot;unit&quot;:&quot;px&quot;,&quot;top&quot;:&quot;&quot;,&quot;right&quot;:&quot;&quot;,&quot;bottom&quot;:&quot;&quot;,&quot;left&quot;:&quot;&quot;,&quot;isLinked&quot;:true}}\" data-elementor-post-type=\"page\">\n\t\t\t\t<div class=\"elementor-element elementor-element-fbbf21b e-flex e-con-boxed e-con e-parent\" data-id=\"fbbf21b\" data-element_type=\"container\" data-e-type=\"container\">\n\t\t\t\t\t<div class=\"e-con-inner\">\n\t\t\t\t<div class=\"elementor-element elementor-element-7f624df elementor-widget elementor-widget-heading\" data-id=\"7f624df\" data-element_type=\"widget\" data-e-type=\"widget\" data-widget_type=\"heading.default\">\n\t\t\t\t\t<h1 class=\"elementor-heading-title elementor-size-default\">Cookies<\/h1>\t\t\t\t<\/div>\n\t\t\t\t<div class=\"elementor-element elementor-element-23cf2f4 elementor-widget elementor-widget-text-editor\" data-id=\"23cf2f4\" data-element_type=\"widget\" data-e-type=\"widget\" data-widget_type=\"text-editor.default\">\n\t\t\t\t\t\t\t\t\t<p>Spletni pi\u0161kotki omogo\u010dajo pravilno delovanje vseh funkcij spletnega mesta in vam omogo\u010dajo prijazno uporabni\u0161ko izku\u0161njo.<\/p>\t\t\t\t\t\t\t\t<\/div>\n\t\t\t\t<div class=\"elementor-element elementor-element-11927e9 elementor-widget elementor-widget-bdt-accordion\" data-id=\"11927e9\" data-element_type=\"widget\" data-e-type=\"widget\" data-widget_type=\"bdt-accordion.default\">\n\t\t\t\t\t\t\t<div class=\"bdt-ep-accordion-container\">\n\t\t\t<div id=\"bdt-ep-accordion-11927e9\" class=\"bdt-ep-accordion bdt-accordion\" data-bdt-accordion=\"{&quot;collapsible&quot;:true,&quot;multiple&quot;:false,&quot;transition&quot;:&quot;ease-in-out&quot;}\" \t\tdata-settings=\"{&quot;id&quot;:&quot;bdt-ep-accordion-11927e9&quot;,&quot;activeHash&quot;:&quot;no&quot;,&quot;activeScrollspy&quot;:null,&quot;hashTopOffset&quot;:false,&quot;hashScrollspyTime&quot;:false,&quot;closeAllItemsOnMobile&quot;:false}\">\n\t\t\t\t\t\t\t\t\t<div class=\"bdt-ep-accordion-item\">\n\t\t\t\t\t\t<div\t\t\t\t\t\t\tclass=\"bdt-ep-accordion-title bdt-accordion-title bdt-flex bdt-flex-middle bdt-flex-between\" id=\"bdt-ep-accordion-kaj-so-spletni-pikotki\"\n\t\t\t\t\t\t\tdata-accordion-index=\"0\" data-title=\"kaj-so-spletni-pi-kotki\">\n\n\t\t\t\t\t\t\t\t\t\t\t\t\t\t\t<span class=\"bdt-ep-accordion-icon bdt-flex-align-right\"\n\t\t\t\t\t\t\t\t\taria-hidden=\"true\">\n\n\t\t\t\t\t\t\t\t\t\t\t\t\t\t\t\t\t\t\t<span class=\"bdt-ep-accordion-icon-closed\">\n\t\t\t\t\t\t\t\t\t\t\t<i aria-hidden=\"true\" class=\"fa-fw icon icon-arrow-down\"><\/i>\t\t\t\t\t\t\t\t\t\t<\/span>\n\t\t\t\t\t\t\t\t\t\n\t\t\t\t\t\t\t\t\t\t\t\t\t\t\t\t\t\t\t<span class=\"bdt-ep-accordion-icon-opened\">\n\t\t\t\t\t\t\t\t\t\t\t\t\t\t\t\t\t\t\t\t\t<\/span>\n\t\t\t\t\t\t\t\t\t\n\t\t\t\t\t\t\t\t<\/span>\n\t\t\t\t\t\t\t\n\t\t\t\t\t\t\t<span role=\"heading\" class=\"bdt-ep-title-text bdt-flex-inline bdt-flex-middle\" >\n\n\t\t\t\t\t\t\t\t\t\t\t\t\t\t\t\tKaj so spletni pi\u0161kotki?\t\t\t\t\t\t\t<\/span>\n\n\t\t\t\t\t\t<\/div>\n\t\t\t\t\t\t<div class=\"bdt-ep-accordion-content bdt-accordion-content\">\n\t\t\t\t\t\t\t<p>Pi\u0161kotki so majhne tekstovne datoteke, ki se shranijo na va\u0161 ra\u010dunalnik ob obisku na\u0161ega spletnega mesta in ne \u0161kodijo va\u0161i strojni ali programski opremi. Njihovo shranjevanje je pod popolnim nadzorom brskalnika, ki ga ima uporabnik \u2013 ta lahko shranjevanje pi\u0161kotkov po \u017eelji omeji ali onemogo\u010di.<br \/>Pi\u0161kotki niso \u0161kodljivi in so vedno \u010dasovno omejeni.<br \/>Uporabo pi\u0161kotkov v Evropski uniji (EU) dolo\u010da Direktiva o zasebnosti in elektronskih komunikacijah 2002\/58\/ES, katere \u010dlen, ki se nana\u0161a na pi\u0161kotke in podobne tehnologije, je bil spremenjen z Direktivo 136\/2009.<br \/>V slovenski zakonodaji uporabo pi\u0161kotkov dolo\u010da Zakon o elektronskih komunikacijah oziroma ZEKom-1 (Uradni list \u0161t. 109\/2012), katerega 157. \u010dlen predstavlja pravno osnovo za skrb za zasebnost uporabnikov spleta.<br \/>Spletna stran <a href=\"https:\/\/www.kminstalacije.si\/\" target=\"_blank\" rel=\"noopener\">https:\/\/www.kminstalacije.si\/<\/a> za delovanje strani uporablja pi\u0161kotke, ki ne hranijo osebnih podatkov, spremljajo pa aktivnosti obiskovalcev in zanimanje z namenom zagotavljanja bolj\u0161e uporabni\u0161ke izku\u0161nje. Z uporabo spletne strani obiskovalci sogla\u0161ajo z njihovo uporabo.<\/p>\t\t\t\t\t\t<\/div>\n\t\t\t\t\t<\/div>\n\t\t\t\t\t\t\t\t\t<div class=\"bdt-ep-accordion-item\">\n\t\t\t\t\t\t<div\t\t\t\t\t\t\tclass=\"bdt-ep-accordion-title bdt-accordion-title bdt-flex bdt-flex-middle bdt-flex-between\" id=\"bdt-ep-accordion-zakaj-so-potrebni\"\n\t\t\t\t\t\t\tdata-accordion-index=\"1\" data-title=\"zakaj-so-potrebni\">\n\n\t\t\t\t\t\t\t\t\t\t\t\t\t\t\t<span class=\"bdt-ep-accordion-icon bdt-flex-align-right\"\n\t\t\t\t\t\t\t\t\taria-hidden=\"true\">\n\n\t\t\t\t\t\t\t\t\t\t\t\t\t\t\t\t\t\t\t<span class=\"bdt-ep-accordion-icon-closed\">\n\t\t\t\t\t\t\t\t\t\t\t<i aria-hidden=\"true\" class=\"fa-fw icon icon-arrow-down\"><\/i>\t\t\t\t\t\t\t\t\t\t<\/span>\n\t\t\t\t\t\t\t\t\t\n\t\t\t\t\t\t\t\t\t\t\t\t\t\t\t\t\t\t\t<span class=\"bdt-ep-accordion-icon-opened\">\n\t\t\t\t\t\t\t\t\t\t\t\t\t\t\t\t\t\t\t\t\t<\/span>\n\t\t\t\t\t\t\t\t\t\n\t\t\t\t\t\t\t\t<\/span>\n\t\t\t\t\t\t\t\n\t\t\t\t\t\t\t<span role=\"heading\" class=\"bdt-ep-title-text bdt-flex-inline bdt-flex-middle\" >\n\n\t\t\t\t\t\t\t\t\t\t\t\t\t\t\t\tZakaj so potrebni?\t\t\t\t\t\t\t<\/span>\n\n\t\t\t\t\t\t<\/div>\n\t\t\t\t\t\t<div class=\"bdt-ep-accordion-content bdt-accordion-content\">\n\t\t\t\t\t\t\t<p>So temeljnega pomena za zagotavljanje uporabniku prijaznih spletnih storitev. Interakcija med spletnim uporabnikom in spletnim mestom je s pomo\u010djo pi\u0161kotkov hitrej\u0161a in preprostej\u0161a. Z njihovo pomo\u010djo si spletno mesto zapomni posameznikove preference in izku\u0161nje, s tem je prihranjen \u010das, brskanje po spletnih mestih pa bolj u\u010dinkovito in prijazno.<br \/>Podjetje vsakemu uporabniku ob za\u010detku vsakokratne uporabe spletne trgovine dodeli pi\u0161kotek za identifikacijo, spremljanje nakupovalne ko\u0161arice in zagotavljanje sledljivosti, ki se v pomnilniku stre\u017enika shranjuje le za \u010das trajanja obiska spletne trgovine in se izbri\u0161e po eni uri neaktivnosti. Podjetje lahko na osebni ra\u010dunalnik uporabnika shrani tudi nekatere trajne pi\u0161kotke, kot npr. identifikacijska \u0161tevilka uporabnika v \u0161ifrirani obliki za prepoznavanje ob naslednjem obisku spletne trgovine ali ocene artiklov, s pomo\u010djo katerega uporabnik ve, katere artikle je \u017ee ocenil, posredno pa tudi pi\u0161kotke zunanje storitve Google Analytics, ki slu\u017eijo analizi obiskov spletnega mesta. Podjetje lahko te podatke v anonimizirani sumarni obliki uporabi za namene statisti\u010dnih analiz. Za potrebe zagotavljanja spletne varnosti podjetje zbira tudi IP naslove, iz katerih uporabniki dostopajo do spletne trgovine.<\/p>\t\t\t\t\t\t<\/div>\n\t\t\t\t\t<\/div>\n\t\t\t\t\t\t\t\t\t<div class=\"bdt-ep-accordion-item\">\n\t\t\t\t\t\t<div\t\t\t\t\t\t\tclass=\"bdt-ep-accordion-title bdt-accordion-title bdt-flex bdt-flex-middle bdt-flex-between\" id=\"bdt-ep-accordion-onemogoanje-pikotkov\"\n\t\t\t\t\t\t\tdata-accordion-index=\"2\" data-title=\"onemogo-anje-pi-kotkov\">\n\n\t\t\t\t\t\t\t\t\t\t\t\t\t\t\t<span class=\"bdt-ep-accordion-icon bdt-flex-align-right\"\n\t\t\t\t\t\t\t\t\taria-hidden=\"true\">\n\n\t\t\t\t\t\t\t\t\t\t\t\t\t\t\t\t\t\t\t<span class=\"bdt-ep-accordion-icon-closed\">\n\t\t\t\t\t\t\t\t\t\t\t<i aria-hidden=\"true\" class=\"fa-fw icon icon-arrow-down\"><\/i>\t\t\t\t\t\t\t\t\t\t<\/span>\n\t\t\t\t\t\t\t\t\t\n\t\t\t\t\t\t\t\t\t\t\t\t\t\t\t\t\t\t\t<span class=\"bdt-ep-accordion-icon-opened\">\n\t\t\t\t\t\t\t\t\t\t\t\t\t\t\t\t\t\t\t\t\t<\/span>\n\t\t\t\t\t\t\t\t\t\n\t\t\t\t\t\t\t\t<\/span>\n\t\t\t\t\t\t\t\n\t\t\t\t\t\t\t<span role=\"heading\" class=\"bdt-ep-title-text bdt-flex-inline bdt-flex-middle\" >\n\n\t\t\t\t\t\t\t\t\t\t\t\t\t\t\t\tOnemogo\u010danje pi\u0161kotkov\t\t\t\t\t\t\t<\/span>\n\n\t\t\t\t\t\t<\/div>\n\t\t\t\t\t\t<div class=\"bdt-ep-accordion-content bdt-accordion-content\">\n\t\t\t\t\t\t\t<p>Vi odlo\u010dite, ali boste dovolili shranjevanje pi\u0161kotkov na va\u0161i napravi. Nastavitve za pi\u0161kotke lahko nadzirate in spreminjate v va\u0161em spletnem brskalniku.<br \/>Za informacije o nastavitvah za pi\u0161kotke izberite spletni brskalnik, ki ga uporabljate:<\/p><p><a href=\"https:\/\/support.google.com\/chrome\/answer\/95647?hl=sl-sl&amp;p=cpn_cookies\" target=\"_blank\" rel=\"noopener\">Chrome<\/a><\/p><p><a href=\"https:\/\/support.mozilla.org\/si\/kb\/enhanced-tracking-protection-firefox-desktop?redirectslug=enable-and-disable-cookies-website-preferences&amp;redirectlocale=en-US\" target=\"_blank\" rel=\"noopener\">Firefox<\/a><\/p><p><a href=\"https:\/\/help.opera.com\/en\/latest\/\" target=\"_blank\" rel=\"noopener\">Opera<\/a><\/p><p><a href=\"https:\/\/support.microsoft.com\/sl-si\/windows\/brisanje-in-upravljanje-pi%C5%A1kotkov-168dab11-0753-043d-7c16-ede5947fc64d\" target=\"_blank\" rel=\"noopener\">Internet Explorer 9<\/a><\/p><p><a href=\"https:\/\/support.microsoft.com\/sl-si\/windows\/brisanje-in-upravljanje-pi%C5%A1kotkov-168dab11-0753-043d-7c16-ede5947fc64d\" target=\"_blank\" rel=\"noopener\">Internet Explorer 7 in 8<\/a><\/p><p><a href=\"https:\/\/support.apple.com\/sl-si\/guide\/safari\/sfri11471\/mac\" target=\"_blank\" rel=\"noopener\">Safari<\/a><\/p><p>\u010ce spremenite, ali izbri\u0161ete brskalnikovo datoteko s pi\u0161kotki, spremenite ali nadgradite va\u0161 brskalnik ali napravo, boste morda morali ponovno onemogo\u010diti pi\u0161kotke. Postopek za upravljanje in brisanje pi\u0161kotkov se razlikuje od brskalnika do brskalnika. \u010ce pri tem potrebujete pomo\u010d, lahko pogledate v brskalnikovi pomo\u010di uporabnikom.<\/p>\t\t\t\t\t\t<\/div>\n\t\t\t\t\t<\/div>\n\t\t\t\t\t\t\t\t\t<div class=\"bdt-ep-accordion-item\">\n\t\t\t\t\t\t<div\t\t\t\t\t\t\tclass=\"bdt-ep-accordion-title bdt-accordion-title bdt-flex bdt-flex-middle bdt-flex-between\" id=\"bdt-ep-accordion-odveza-odgovornosti\"\n\t\t\t\t\t\t\tdata-accordion-index=\"3\" data-title=\"odveza-odgovornosti\">\n\n\t\t\t\t\t\t\t\t\t\t\t\t\t\t\t<span class=\"bdt-ep-accordion-icon bdt-flex-align-right\"\n\t\t\t\t\t\t\t\t\taria-hidden=\"true\">\n\n\t\t\t\t\t\t\t\t\t\t\t\t\t\t\t\t\t\t\t<span class=\"bdt-ep-accordion-icon-closed\">\n\t\t\t\t\t\t\t\t\t\t\t<i aria-hidden=\"true\" class=\"fa-fw icon icon-arrow-down\"><\/i>\t\t\t\t\t\t\t\t\t\t<\/span>\n\t\t\t\t\t\t\t\t\t\n\t\t\t\t\t\t\t\t\t\t\t\t\t\t\t\t\t\t\t<span class=\"bdt-ep-accordion-icon-opened\">\n\t\t\t\t\t\t\t\t\t\t\t\t\t\t\t\t\t\t\t\t\t<\/span>\n\t\t\t\t\t\t\t\t\t\n\t\t\t\t\t\t\t\t<\/span>\n\t\t\t\t\t\t\t\n\t\t\t\t\t\t\t<span role=\"heading\" class=\"bdt-ep-title-text bdt-flex-inline bdt-flex-middle\" >\n\n\t\t\t\t\t\t\t\t\t\t\t\t\t\t\t\tOdveza odgovornosti\t\t\t\t\t\t\t<\/span>\n\n\t\t\t\t\t\t<\/div>\n\t\t\t\t\t\t<div class=\"bdt-ep-accordion-content bdt-accordion-content\">\n\t\t\t\t\t\t\t<p>Ponudnik se po svojih najbolj\u0161ih mo\u010deh trudi zagotoviti a\u017eurnost in pravilnost podatkov, ki so objavljeni na njegovih straneh in trgovini. Kljub temu pa se lahko lastnosti artiklov, rok dobave ali cena spremenijo tako hitro, da ponudnik ne uspe popraviti podatkov na spletnih straneh. V tem primeru, bo ponudnik kupca obvestil o spremembah in mu omogo\u010dil odstop od naro\u010dila ali zamenjavo naro\u010denega artikla.<br \/>Podjetje KM in\u0161talacije, d.o.o. ni odgovorno za morebitno neto\u010dnost informacij in tudi ne za morebitno \u0161kodo, nastalo zaradi uporabe neto\u010dnih ali nepopolnih informacij prav tako pa tudi ne za primere, da dostop in uporaba informacij na teh spletnih straneh ni mogo\u010da.<br \/>Prepovedano je kopiranje besedila in slik brez predhodnega pisnega dovoljenja podjetja KM in\u0161talacije, d.o.o.<\/p>\t\t\t\t\t\t<\/div>\n\t\t\t\t\t<\/div>\n\t\t\t\t\t\t\t\t\t<div class=\"bdt-ep-accordion-item\">\n\t\t\t\t\t\t<div\t\t\t\t\t\t\tclass=\"bdt-ep-accordion-title bdt-accordion-title bdt-flex bdt-flex-middle bdt-flex-between\" id=\"bdt-ep-accordion-katere-pikotke-uporabljamo\"\n\t\t\t\t\t\t\tdata-accordion-index=\"4\" data-title=\"katere-pi-kotke-uporabljamo\">\n\n\t\t\t\t\t\t\t\t\t\t\t\t\t\t\t<span class=\"bdt-ep-accordion-icon bdt-flex-align-right\"\n\t\t\t\t\t\t\t\t\taria-hidden=\"true\">\n\n\t\t\t\t\t\t\t\t\t\t\t\t\t\t\t\t\t\t\t<span class=\"bdt-ep-accordion-icon-closed\">\n\t\t\t\t\t\t\t\t\t\t\t<i aria-hidden=\"true\" class=\"fa-fw icon icon-arrow-down\"><\/i>\t\t\t\t\t\t\t\t\t\t<\/span>\n\t\t\t\t\t\t\t\t\t\n\t\t\t\t\t\t\t\t\t\t\t\t\t\t\t\t\t\t\t<span class=\"bdt-ep-accordion-icon-opened\">\n\t\t\t\t\t\t\t\t\t\t\t\t\t\t\t\t\t\t\t\t\t<\/span>\n\t\t\t\t\t\t\t\t\t\n\t\t\t\t\t\t\t\t<\/span>\n\t\t\t\t\t\t\t\n\t\t\t\t\t\t\t<span role=\"heading\" class=\"bdt-ep-title-text bdt-flex-inline bdt-flex-middle\" >\n\n\t\t\t\t\t\t\t\t\t\t\t\t\t\t\t\tKatere pi\u0161kotke uporabljamo?\t\t\t\t\t\t\t<\/span>\n\n\t\t\t\t\t\t<\/div>\n\t\t\t\t\t\t<div class=\"bdt-ep-accordion-content bdt-accordion-content\">\n\t\t\t\t\t\t\t<p>https:\/\/www.kminstalacije.si\/ uporablja naslednje pi\u0161kotke:<\/p><table><thead><tr><th>Ime pi\u0161kotka<\/th><th>Trajanje<\/th><th>Namen<\/th><th>Vrsta<\/th><\/tr><\/thead><tbody><tr><td><code>__ssid<\/code><\/td><td>10. 2. 2027<\/td><td>Tehni\u010dna identifikacija seje in zagotavljanje stabilnega delovanja sistema.<\/td><td>Nujni<\/td><\/tr><tr><td><code>PH_HPXY_CHECK<\/code><\/td><td>Seja<\/td><td>Varnostni pi\u0161kotek za preverjanje delovanja stre\u017enika in za\u0161\u010dito pred zlorabami.<\/td><td>Nujni<\/td><\/tr><tr><td><code>wordpress_logged_in_9bee5c2e16590d6d2da144afa16c09e0<\/code><\/td><td>Seja<\/td><td>Omogo\u010da, da sistem prepozna prijavljenega uporabnika.<\/td><td>Nujni<\/td><\/tr><tr><td><code>wordpress_sec_9bee5c2e16590d6d2da144afa16c09e0<\/code><\/td><td>Seja<\/td><td>Varnostni pi\u0161kotek za za\u0161\u010dito prijave in administrativnega dela sistema.<\/td><td>Nujni<\/td><\/tr><tr><td><code>wordpress_test_cookie<\/code><\/td><td>Seja<\/td><td>Preverja, ali brskalnik podpira pi\u0161kotke.<\/td><td>Nujni<\/td><\/tr><tr><td><code>wp_lang<\/code><\/td><td>Seja<\/td><td>Shranjuje izbrani jezik uporabni\u0161kega vmesnika.<\/td><td>Funkcionalni<\/td><\/tr><tr><td><code>wp-settings-1<\/code><\/td><td>20. 1. 2027<\/td><td>Shranjuje uporabni\u0161ke nastavitve v WordPress okolju.<\/td><td>Funkcionalni<\/td><\/tr><tr><td><code>wp-settings-time-1<\/code><\/td><td>20. 1. 2027<\/td><td>Shrani \u010das zadnje spremembe uporabni\u0161kih nastavitev.<\/td><td>Funkcionalni<\/td><\/tr><\/tbody><\/table>\t\t\t\t\t\t<\/div>\n\t\t\t\t\t<\/div>\n\t\t\t\t\t\t\t<\/div>\n\t\t<\/div>\n\t\t\t\t\t\t<\/div>\n\t\t\t\t\t<\/div>\n\t\t\t\t<\/div>\n\t\t\t\t<\/div>\n\t\t","protected":false},"excerpt":{"rendered":"<p>Cookies Spletni pi\u0161kotki omogo\u010dajo pravilno delovanje vseh funkcij spletnega mesta in vam omogo\u010dajo prijazno uporabni\u0161ko izku\u0161njo. Kaj so spletni pi\u0161kotki? Pi\u0161kotki so majhne tekstovne datoteke, ki se shranijo na va\u0161 ra\u010dunalnik ob obisku na\u0161ega spletnega mesta in ne \u0161kodijo va\u0161i strojni ali programski opremi. Njihovo shranjevanje je pod popolnim nadzorom brskalnika, ki ga ima uporabnik [&hellip;]<\/p>\n","protected":false},"author":1,"featured_media":0,"parent":0,"menu_order":0,"comment_status":"closed","ping_status":"closed","template":"","meta":{"footnotes":""},"class_list":["post-3384","page","type-page","status-publish","hentry"],"_links":{"self":[{"href":"https:\/\/km.eps-backup.com\/en\/wp-json\/wp\/v2\/pages\/3384","targetHints":{"allow":["GET"]}}],"collection":[{"href":"https:\/\/km.eps-backup.com\/en\/wp-json\/wp\/v2\/pages"}],"about":[{"href":"https:\/\/km.eps-backup.com\/en\/wp-json\/wp\/v2\/types\/page"}],"author":[{"embeddable":true,"href":"https:\/\/km.eps-backup.com\/en\/wp-json\/wp\/v2\/users\/1"}],"replies":[{"embeddable":true,"href":"https:\/\/km.eps-backup.com\/en\/wp-json\/wp\/v2\/comments?post=3384"}],"version-history":[{"count":1,"href":"https:\/\/km.eps-backup.com\/en\/wp-json\/wp\/v2\/pages\/3384\/revisions"}],"predecessor-version":[{"id":3385,"href":"https:\/\/km.eps-backup.com\/en\/wp-json\/wp\/v2\/pages\/3384\/revisions\/3385"}],"wp:attachment":[{"href":"https:\/\/km.eps-backup.com\/en\/wp-json\/wp\/v2\/media?parent=3384"}],"curies":[{"name":"wp","href":"https:\/\/api.w.org\/{rel}","templated":true}]}}